{"id":2,"date":"2020-06-08T13:25:32","date_gmt":"2020-06-08T11:25:32","guid":{"rendered":"https:\/\/test.bosten-group.net\/?page_id=2"},"modified":"2024-09-18T07:58:52","modified_gmt":"2024-09-18T05:58:52","slug":"startseite","status":"publish","type":"page","link":"https:\/\/www.bos-ten.net\/de\/","title":{"rendered":"Startseite"},"content":{"rendered":"\t\t<div data-elementor-type=\"wp-page\" data-elementor-id=\"2\" class=\"elementor elementor-2\" data-elementor-post-type=\"page\">\n\t\t\t\t\t\t<section class=\"elementor-section elementor-top-section elementor-element elementor-element-6b6335f elementor-section-full_width elementor-section-height-default elementor-section-height-default\" data-id=\"6b6335f\" data-element_type=\"section\" data-e-type=\"section\">\n\t\t\t\t\t\t<div class=\"elementor-container elementor-column-gap-no\">\n\t\t\t\t\t<div class=\"elementor-column elementor-col-100 elementor-top-column elementor-element elementor-element-851f817\" data-id=\"851f817\" data-element_type=\"column\" data-e-type=\"column\">\n\t\t\t<div class=\"elementor-widget-wrap elementor-element-populated\">\n\t\t\t\t\t\t<div class=\"elementor-element elementor-element-cd2d9f2 elementor-arrows-position-inside elementor-widget elementor-widget-image-carousel\" data-id=\"cd2d9f2\" data-element_type=\"widget\" data-e-type=\"widget\" data-settings=\"{&quot;slides_to_show&quot;:&quot;2&quot;,&quot;navigation&quot;:&quot;arrows&quot;,&quot;autoplay&quot;:&quot;yes&quot;,&quot;pause_on_hover&quot;:&quot;yes&quot;,&quot;pause_on_interaction&quot;:&quot;yes&quot;,&quot;autoplay_speed&quot;:5000,&quot;infinite&quot;:&quot;yes&quot;,&quot;speed&quot;:500}\" data-widget_type=\"image-carousel.default\">\n\t\t\t\t<div class=\"elementor-widget-container\">\n\t\t\t\t\t\t\t<div class=\"elementor-image-carousel-wrapper swiper\" role=\"region\" aria-roledescription=\"carousel\" aria-label=\"Bild Karussell\" dir=\"ltr\">\n\t\t\t<div class=\"elementor-image-carousel swiper-wrapper\" aria-live=\"off\">\n\t\t\t\t\t\t\t\t<div class=\"swiper-slide\" role=\"group\" aria-roledescription=\"slide\" aria-label=\"1 von 4\"><figure class=\"swiper-slide-inner\"><img decoding=\"async\" class=\"swiper-slide-image\" src=\"https:\/\/www.bos-ten.net\/wp-content\/uploads\/sites\/2\/2022\/10\/home.jpg\" alt=\"home\" \/><\/figure><\/div><div class=\"swiper-slide\" role=\"group\" aria-roledescription=\"slide\" aria-label=\"2 von 4\"><figure class=\"swiper-slide-inner\"><img decoding=\"async\" class=\"swiper-slide-image\" src=\"https:\/\/www.bos-ten.net\/wp-content\/uploads\/sites\/2\/2022\/10\/home2.jpg\" alt=\"home2\" \/><\/figure><\/div><div class=\"swiper-slide\" role=\"group\" aria-roledescription=\"slide\" aria-label=\"3 von 4\"><figure class=\"swiper-slide-inner\"><img decoding=\"async\" class=\"swiper-slide-image\" src=\"https:\/\/www.bos-ten.net\/wp-content\/uploads\/sites\/2\/2022\/10\/home3.jpg\" alt=\"home3\" \/><\/figure><\/div><div class=\"swiper-slide\" role=\"group\" aria-roledescription=\"slide\" aria-label=\"4 von 4\"><figure class=\"swiper-slide-inner\"><img decoding=\"async\" class=\"swiper-slide-image\" src=\"https:\/\/www.bos-ten.net\/wp-content\/uploads\/sites\/2\/2022\/10\/home4.jpg\" alt=\"home4\" \/><\/figure><\/div>\t\t\t<\/div>\n\t\t\t\t\t\t\t\t\t\t\t\t<div class=\"elementor-swiper-button elementor-swiper-button-prev\" role=\"button\" tabindex=\"0\">\n\t\t\t\t\t\t<i aria-hidden=\"true\" class=\"eicon-chevron-left\"><\/i>\t\t\t\t\t<\/div>\n\t\t\t\t\t<div class=\"elementor-swiper-button elementor-swiper-button-next\" role=\"button\" tabindex=\"0\">\n\t\t\t\t\t\t<i aria-hidden=\"true\" class=\"eicon-chevron-right\"><\/i>\t\t\t\t\t<\/div>\n\t\t\t\t\n\t\t\t\t\t\t\t\t\t<\/div>\n\t\t\t\t\t\t<\/div>\n\t\t\t\t<\/div>\n\t\t\t\t\t<\/div>\n\t\t<\/div>\n\t\t\t\t\t<\/div>\n\t\t<\/section>\n\t\t\t\t<section class=\"elementor-section elementor-top-section elementor-element elementor-element-4e0d50e4 elementor-section-boxed elementor-section-height-default elementor-section-height-default\" data-id=\"4e0d50e4\" data-element_type=\"section\" data-e-type=\"section\">\n\t\t\t\t\t\t<div class=\"elementor-container elementor-column-gap-wider\">\n\t\t\t\t\t<div class=\"elementor-column elementor-col-50 elementor-top-column elementor-element elementor-element-19246c2e\" data-id=\"19246c2e\" data-element_type=\"column\" data-e-type=\"column\">\n\t\t\t<div class=\"elementor-widget-wrap elementor-element-populated\">\n\t\t\t\t\t\t<div class=\"elementor-element elementor-element-5796727 elementor-widget elementor-widget-heading\" data-id=\"5796727\" data-element_type=\"widget\" data-e-type=\"widget\" data-widget_type=\"heading.default\">\n\t\t\t\t<div class=\"elementor-widget-container\">\n\t\t\t\t\t<h1 class=\"elementor-heading-title elementor-size-default\">Rundum-Sorglos-Paket\nf\u00fcr Photovoltaik<\/h1>\t\t\t\t<\/div>\n\t\t\t\t<\/div>\n\t\t\t\t<div class=\"elementor-element elementor-element-948cab7 elementor-widget elementor-widget-heading\" data-id=\"948cab7\" data-element_type=\"widget\" data-e-type=\"widget\" data-widget_type=\"heading.default\">\n\t\t\t\t<div class=\"elementor-widget-container\">\n\t\t\t\t\t<h4 class=\"elementor-heading-title elementor-size-default\">Mit Planung, Wartung und Betriebsf\u00fchrung von\nPhotovoltaikanlagen bieten wir alle Leistungen aus einer Hand<\/h4>\t\t\t\t<\/div>\n\t\t\t\t<\/div>\n\t\t\t\t\t<\/div>\n\t\t<\/div>\n\t\t\t\t<div class=\"elementor-column elementor-col-50 elementor-top-column elementor-element elementor-element-a524150\" data-id=\"a524150\" data-element_type=\"column\" data-e-type=\"column\">\n\t\t\t<div class=\"elementor-widget-wrap elementor-element-populated\">\n\t\t\t\t\t\t<div class=\"elementor-element elementor-element-6ce777a1 elementor-widget elementor-widget-text-editor\" data-id=\"6ce777a1\" data-element_type=\"widget\" data-e-type=\"widget\" data-widget_type=\"text-editor.default\">\n\t\t\t\t<div class=\"elementor-widget-container\">\n\t\t\t\t\t\t\t\t\t<p>Wir sind eines von wenigen T\u00dcV-zertifizierten Betriebsf\u00fchrungs- und Wartungsunternehmen f\u00fcr Photovoltaikanlagen in Deutschland.<\/p>\n<p>Mit unserer Unternehmensgruppe, der bos.ten Group, bilden wir ein schlagkr\u00e4ftiges Team aus Spezialisten, die alle Themen rund um die Photovoltaik und dar\u00fcber hinaus bearbeiten k\u00f6nnen.<\/p>\n<p>130 Megawatt &#8211; so gro\u00df ist die Gesamtleistung aller PV-Anlagen, die wir bis heute realisiert haben.<\/p>\n<p>Was unsere einzelnen Leistungen so besonders macht, lesen Sie hier:<\/p>\t\t\t\t\t\t\t\t<\/div>\n\t\t\t\t<\/div>\n\t\t\t\t<div class=\"elementor-element elementor-element-6f0e81d elementor-widget elementor-widget-global elementor-global-108 elementor-widget-text-editor\" data-id=\"6f0e81d\" data-element_type=\"widget\" data-e-type=\"widget\" data-widget_type=\"text-editor.default\">\n\t\t\t\t<div class=\"elementor-widget-container\">\n\t\t\t\t\t\t\t\t\t<p><a href=\"\/betriebsfuehrung\"><img decoding=\"async\" class=\"alignnone size-medium wp-image-64\" src=\"https:\/\/www.bos-ten.net\/wp-content\/uploads\/sites\/2\/2020\/06\/icon_betriebsfuehrung_ov.png\" alt=\"\" width=\"160\" height=\"95\" \/><\/a>\u00a0 \u00a0 <a href=\"\/photovoltaik\"><img decoding=\"async\" class=\"alignnone size-full wp-image-62\" src=\"https:\/\/www.bos-ten.net\/wp-content\/uploads\/sites\/2\/2020\/06\/icon_photovoltaik_ov.png\" alt=\"\" width=\"160\" height=\"95\" \/><\/a><\/p>\t\t\t\t\t\t\t\t<\/div>\n\t\t\t\t<\/div>\n\t\t\t\t\t<\/div>\n\t\t<\/div>\n\t\t\t\t\t<\/div>\n\t\t<\/section>\n\t\t\t\t<section class=\"elementor-section elementor-top-section elementor-element elementor-element-a478f12 elementor-section-boxed elementor-section-height-default elementor-section-height-default\" data-id=\"a478f12\" data-element_type=\"section\" data-e-type=\"section\">\n\t\t\t\t\t\t<div class=\"elementor-container elementor-column-gap-default\">\n\t\t\t\t\t<div class=\"elementor-column elementor-col-100 elementor-top-column elementor-element elementor-element-db35f15\" data-id=\"db35f15\" data-element_type=\"column\" data-e-type=\"column\">\n\t\t\t<div class=\"elementor-widget-wrap elementor-element-populated\">\n\t\t\t\t\t\t<div class=\"elementor-element elementor-element-da3edde elementor-widget elementor-widget-spacer\" data-id=\"da3edde\" data-element_type=\"widget\" data-e-type=\"widget\" data-widget_type=\"spacer.default\">\n\t\t\t\t<div class=\"elementor-widget-container\">\n\t\t\t\t\t\t\t<div class=\"elementor-spacer\">\n\t\t\t<div class=\"elementor-spacer-inner\"><\/div>\n\t\t<\/div>\n\t\t\t\t\t\t<\/div>\n\t\t\t\t<\/div>\n\t\t\t\t\t<\/div>\n\t\t<\/div>\n\t\t\t\t\t<\/div>\n\t\t<\/section>\n\t\t\t\t<\/div>\n\t\t","protected":false},"excerpt":{"rendered":"<p>Rundum-Sorglos-Paket f\u00fcr Photovoltaik Mit Planung, Wartung und Betriebsf\u00fchrung von Photovoltaikanlagen bieten wir alle Leistungen aus einer Hand Wir sind eines von wenigen T\u00dcV-zertifizierten Betriebsf\u00fchrungs- und Wartungsunternehmen f\u00fcr Photovoltaikanlagen in Deutschland. Mit unserer Unternehmensgruppe, der bos.ten Group, bilden wir ein schlagkr\u00e4ftiges Team aus Spezialisten, die alle Themen rund um die Photovoltaik und dar\u00fcber hinaus bearbeiten k\u00f6nnen. [&hellip;]<\/p>\n","protected":false},"author":1,"featured_media":0,"parent":0,"menu_order":0,"comment_status":"closed","ping_status":"closed","template":"","meta":{"_acf_changed":false,"footnotes":""},"class_list":["post-2","page","type-page","status-publish","hentry"],"acf":[],"_links":{"self":[{"href":"https:\/\/www.bos-ten.net\/de\/wp-json\/wp\/v2\/pages\/2","targetHints":{"allow":["GET"]}}],"collection":[{"href":"https:\/\/www.bos-ten.net\/de\/wp-json\/wp\/v2\/pages"}],"about":[{"href":"https:\/\/www.bos-ten.net\/de\/wp-json\/wp\/v2\/types\/page"}],"author":[{"embeddable":true,"href":"https:\/\/www.bos-ten.net\/de\/wp-json\/wp\/v2\/users\/1"}],"replies":[{"embeddable":true,"href":"https:\/\/www.bos-ten.net\/de\/wp-json\/wp\/v2\/comments?post=2"}],"version-history":[{"count":40,"href":"https:\/\/www.bos-ten.net\/de\/wp-json\/wp\/v2\/pages\/2\/revisions"}],"predecessor-version":[{"id":1942,"href":"https:\/\/www.bos-ten.net\/de\/wp-json\/wp\/v2\/pages\/2\/revisions\/1942"}],"wp:attachment":[{"href":"https:\/\/www.bos-ten.net\/de\/wp-json\/wp\/v2\/media?parent=2"}],"curies":[{"name":"wp","href":"https:\/\/api.w.org\/{rel}","templated":true}]}}